{"id":10,"date":"2022-03-18T13:43:26","date_gmt":"2022-03-18T12:43:26","guid":{"rendered":"https:\/\/zugriffsco.de\/?page_id=10"},"modified":"2024-05-27T13:49:41","modified_gmt":"2024-05-27T11:49:41","slug":"impressum","status":"publish","type":"page","link":"https:\/\/www.zugriffsco.de\/?page_id=10","title":{"rendered":"Impressum"},"content":{"rendered":"\n<p>Oliver Buda<br>IT Beratung &amp; Service<br>Mellinghofer Str. 205<br>45475 M\u00fclheim an der Ruhr<\/p>\n\n\n\n<p><strong>Kontakt<br><\/strong>Fon +49 208 7 402 402 <em>(kein kostenloser Support!)<\/em><br>mail at oliverbuda dot de<\/p>\n\n\n\n<p><strong>Verantwortlich f\u00fcr den Inhalt nach \u00a7 55 Abs. 2 RStV<br><\/strong>Oliver Buda<br>Mellinghofer Str. 201<br>45475 M\u00fclheim an der Ruhr<\/p>\n\n\n\n<p><strong>Redaktionell verantwortlich<\/strong><br>Oliver Buda<\/p>\n\n\n\n<p><strong>Verbraucher\u00adstreit\u00adbeilegung\/Universal\u00adschlichtungs\u00adstelle<br><\/strong>Wir sind nicht bereit oder verpflichtet, an Streitbeilegungsverfahren vor einer Verbraucherschlichtungsstelle teilzunehmen.<\/p>\n\n\n\n<p><strong>Urheberrecht<br><\/strong>Die durch die Seitenbetreiber erstellten Inhalte und Werke auf diesen Seiten unterliegen dem deutschen Urheberrecht. Die Vervielf\u00e4ltigung, Bearbeitung, Verbreitung und jede Art der Verwertung au\u00dferhalb der Grenzen des Urheberrechtes bed\u00fcrfen der schriftlichen Zustimmung des jeweiligen Autors bzw. Erstellers. Downloads und Kopien dieser Seite sind nur f\u00fcr den privaten, nicht kommerziellen Gebrauch gestattet.<\/p>\n\n\n\n<p>Soweit die Inhalte auf dieser Seite nicht vom Betreiber erstellt wurden, werden die Urheberrechte Dritter beachtet. Insbesondere werden Inhalte Dritter als solche gekennzeichnet. Sollten Sie trotzdem auf eine Urheberrechtsverletzung aufmerksam werden, bitten wir um einen entsprechenden Hinweis. Bei Bekanntwerden von Rechtsverletzungen werden wir derartige Inhalte umgehend entfernen.<\/p>\n\n\n\n<p>Quelle:&nbsp;<a rel=\"noreferrer noopener\" href=\"https:\/\/www.e-recht24.de\/impressum-generator.html\" target=\"_blank\">https:\/\/www.e-recht24.de\/impressum-generator.html<\/a><\/p>\n","protected":false},"excerpt":{"rendered":"<p>Oliver BudaIT Beratung &amp; ServiceMellinghofer Str. 20545475 M\u00fclheim an der Ruhr KontaktFon +49 208 7 402 402 (kein kostenloser Support!)mail at oliverbuda dot de Verantwortlich f\u00fcr den Inhalt nach \u00a7 55 Abs. 2 RStVOliver BudaMellinghofer Str. 20145475 M\u00fclheim an der Ruhr Redaktionell verantwortlichOliver Buda Verbraucher\u00adstreit\u00adbeilegung\/Universal\u00adschlichtungs\u00adstelleWir sind nicht bereit oder verpflichtet, an Streitbeilegungsverfahren vor einer Verbraucherschlichtungsstelle [&hellip;]<\/p>\n","protected":false},"author":1,"featured_media":0,"parent":0,"menu_order":0,"comment_status":"closed","ping_status":"closed","template":"","meta":{"footnotes":""},"class_list":["post-10","page","type-page","status-publish","hentry","post-preview"],"_links":{"self":[{"href":"https:\/\/www.zugriffsco.de\/index.php?rest_route=\/wp\/v2\/pages\/10","targetHints":{"allow":["GET"]}}],"collection":[{"href":"https:\/\/www.zugriffsco.de\/index.php?rest_route=\/wp\/v2\/pages"}],"about":[{"href":"https:\/\/www.zugriffsco.de\/index.php?rest_route=\/wp\/v2\/types\/page"}],"author":[{"embeddable":true,"href":"https:\/\/www.zugriffsco.de\/index.php?rest_route=\/wp\/v2\/users\/1"}],"replies":[{"embeddable":true,"href":"https:\/\/www.zugriffsco.de\/index.php?rest_route=%2Fwp%2Fv2%2Fcomments&post=10"}],"version-history":[{"count":13,"href":"https:\/\/www.zugriffsco.de\/index.php?rest_route=\/wp\/v2\/pages\/10\/revisions"}],"predecessor-version":[{"id":318,"href":"https:\/\/www.zugriffsco.de\/index.php?rest_route=\/wp\/v2\/pages\/10\/revisions\/318"}],"wp:attachment":[{"href":"https:\/\/www.zugriffsco.de\/index.php?rest_route=%2Fwp%2Fv2%2Fmedia&parent=10"}],"curies":[{"name":"wp","href":"https:\/\/api.w.org\/{rel}","templated":true}]}}